{"id":6576,"date":"2024-01-15T20:59:53","date_gmt":"2024-01-15T19:59:53","guid":{"rendered":"https:\/\/shamusic.es\/legal-notice\/"},"modified":"2025-07-10T15:12:45","modified_gmt":"2025-07-10T13:12:45","slug":"legal-notice","status":"publish","type":"page","link":"https:\/\/shamusic.es\/en\/legal-notice\/","title":{"rendered":"Legal Notice"},"content":{"rendered":"[vc_row type=&#8221;in_container&#8221; full_screen_row_position=&#8221;middle&#8221; column_margin=&#8221;default&#8221; column_direction=&#8221;default&#8221; column_direction_tablet=&#8221;default&#8221; column_direction_phone=&#8221;default&#8221; scene_position=&#8221;center&#8221; text_color=&#8221;dark&#8221; text_align=&#8221;left&#8221; row_border_radius=&#8221;none&#8221; row_border_radius_applies=&#8221;bg&#8221; overflow=&#8221;visible&#8221; overlay_strength=&#8221;0.3&#8243; gradient_direction=&#8221;left_to_right&#8221; shape_divider_position=&#8221;bottom&#8221; bg_image_animation=&#8221;none&#8221;][vc_column column_padding=&#8221;no-extra-padding&#8221; column_padding_tablet=&#8221;inherit&#8221; column_padding_phone=&#8221;inherit&#8221; column_padding_position=&#8221;all&#8221; column_element_direction_desktop=&#8221;default&#8221; column_element_spacing=&#8221;default&#8221; desktop_text_alignment=&#8221;default&#8221; tablet_text_alignment=&#8221;default&#8221; phone_text_alignment=&#8221;default&#8221; background_color_opacity=&#8221;1&#8243; background_hover_color_opacity=&#8221;1&#8243; column_backdrop_filter=&#8221;none&#8221; column_shadow=&#8221;none&#8221; column_border_radius=&#8221;none&#8221; column_link_target=&#8221;_self&#8221; column_position=&#8221;default&#8221; gradient_direction=&#8221;left_to_right&#8221; overlay_strength=&#8221;0.3&#8243; width=&#8221;1\/1&#8243; tablet_width_inherit=&#8221;default&#8221; animation_type=&#8221;default&#8221; bg_image_animation=&#8221;none&#8221; border_type=&#8221;simple&#8221; column_border_width=&#8221;none&#8221; column_border_style=&#8221;solid&#8221;][vc_column_text]In order to comply with the provisions of Law 34\/2002, of July 11, 2002, on information society services and electronic commerce, the general information of this website is indicated below:<\/p>\n<ul>\n<li><strong>Owner: <\/strong>SHAMUSIC DISCOVERIES, S.L.<\/li>\n<li><strong>Address: <\/strong>Calle Almansa, 98 &#8211; 28040 Madrid<strong><br \/>\n<\/strong><\/li>\n<li><strong>Contact:<\/strong> info@shamusic.es<\/li>\n<li><strong>Web:<\/strong> shamusic.es<\/li>\n<li><strong>VAT NUMBER: <\/strong>B56411200<\/li>\n<\/ul>\n<p><strong>Legislation<br \/>\n<\/strong>In general the relationship between SHAMUSIC DISCOVERIES, S.L. with the users of the services on this website are subject to Spanish legislation and jurisdiction.<\/p>\n<p><strong>Use and access of Users<br \/>\n<\/strong>The User is informed and accepts that access to this website does not imply, in any way, the beginning of a business relationship with SHAMUSIC DISCOVERIES, S.L. or any of its delegations (if any).<\/p>\n<p><strong>Intellectual and industrial property<br \/>\n<\/strong>The intellectual property rights of the content of the web pages, its graphic design and codes, are owned by SHAMUSIC DISCOVERIES, S.L. and, therefore, it is forbidden its reproduction, distribution, public communication, transformation or any other activity that can be done with the contents of their web pages or even quoting the sources, unless written consent of SHAMUSIC DISCOVERIES, S.L.<\/p>\n<p><strong>Web content and links (links)<br \/>\n<\/strong>SHAMUSIC DISCOVERIES, S.L. reserves the right to update, modify or delete information contained on its website and may even limit or deny access to such information to certain users.<\/p>\n<p>SHAMUSIC DISCOVERIES, S.L. assumes no responsibility for the information contained in third party websites which can be accessed by &#8220;links&#8221; or links from any website owned by SHAMUSIC DISCOVERIES, S.L. The presence of &#8220;links&#8221; or links on the web pages of the SHAMUSIC DISCOVERIES, S.L. is for informational purposes only and in no case a suggestion, invitation or recommendation about them. Therefore, both this Notice and the Privacy Policy only apply to the website of the SHAMUSIC DISCOVERIES, S.L. and is not guaranteed access through links to this site, or links from this site to other websites.[\/vc_column_text][\/vc_column][\/vc_row]\n","protected":false},"excerpt":{"rendered":"<p>[vc_row type=&#8221;in_container&#8221; full_screen_row_position=&#8221;middle&#8221; column_margin=&#8221;default&#8221; column_direction=&#8221;default&#8221; column_direction_tablet=&#8221;default&#8221; column_direction_phone=&#8221;default&#8221; scene_position=&#8221;center&#8221; text_color=&#8221;dark&#8221; text_align=&#8221;left&#8221; row_border_radius=&#8221;none&#8221; row_border_radius_applies=&#8221;bg&#8221; overflow=&#8221;visible&#8221; overlay_strength=&#8221;0.3&#8243; gradient_direction=&#8221;left_to_right&#8221; shape_divider_position=&#8221;bottom&#8221; bg_image_animation=&#8221;none&#8221;][vc_column column_padding=&#8221;no-extra-padding&#8221; column_padding_tablet=&#8221;inherit&#8221; column_padding_phone=&#8221;inherit&#8221; column_padding_position=&#8221;all&#8221; column_element_direction_desktop=&#8221;default&#8221; column_element_spacing=&#8221;default&#8221; desktop_text_alignment=&#8221;default&#8221; tablet_text_alignment=&#8221;default&#8221; phone_text_alignment=&#8221;default&#8221; background_color_opacity=&#8221;1&#8243; background_hover_color_opacity=&#8221;1&#8243; column_backdrop_filter=&#8221;none&#8221; column_shadow=&#8221;none&#8221;&#8230;<\/p>\n","protected":false},"author":1,"featured_media":0,"parent":0,"menu_order":0,"comment_status":"closed","ping_status":"closed","template":"","meta":{"footnotes":""},"class_list":["post-6576","page","type-page","status-publish"],"yoast_head":"<!-- This site is optimized with the Yoast SEO plugin v27.3 - https:\/\/yoast.com\/product\/yoast-seo-wordpress\/ -->\n<title>Legal Notice - Registra tu m\u00fasica online con tecnolog\u00eda Blockchain con SHAMUSIC<\/title>\n<meta name=\"robots\" content=\"noindex, nofollow\" \/>\n<meta property=\"og:locale\" content=\"en_US\" \/>\n<meta property=\"og:type\" content=\"article\" \/>\n<meta property=\"og:title\" content=\"Legal Notice - Registra tu m\u00fasica online con tecnolog\u00eda Blockchain con SHAMUSIC\" \/>\n<meta property=\"og:description\" content=\"[vc_row type=&#8221;in_container&#8221; full_screen_row_position=&#8221;middle&#8221; column_margin=&#8221;default&#8221; column_direction=&#8221;default&#8221; column_direction_tablet=&#8221;default&#8221; column_direction_phone=&#8221;default&#8221; scene_position=&#8221;center&#8221; text_color=&#8221;dark&#8221; text_align=&#8221;left&#8221; row_border_radius=&#8221;none&#8221; row_border_radius_applies=&#8221;bg&#8221; overflow=&#8221;visible&#8221; overlay_strength=&#8221;0.3&#8243; gradient_direction=&#8221;left_to_right&#8221; shape_divider_position=&#8221;bottom&#8221; bg_image_animation=&#8221;none&#8221;][vc_column column_padding=&#8221;no-extra-padding&#8221; column_padding_tablet=&#8221;inherit&#8221; column_padding_phone=&#8221;inherit&#8221; column_padding_position=&#8221;all&#8221; column_element_direction_desktop=&#8221;default&#8221; column_element_spacing=&#8221;default&#8221; desktop_text_alignment=&#8221;default&#8221; tablet_text_alignment=&#8221;default&#8221; phone_text_alignment=&#8221;default&#8221; background_color_opacity=&#8221;1&#8243; background_hover_color_opacity=&#8221;1&#8243; column_backdrop_filter=&#8221;none&#8221; column_shadow=&#8221;none&#8221;...\" \/>\n<meta property=\"og:url\" content=\"https:\/\/shamusic.es\/en\/legal-notice\/\" \/>\n<meta property=\"og:site_name\" content=\"Registra tu m\u00fasica online con tecnolog\u00eda Blockchain con SHAMUSIC\" \/>\n<meta property=\"article:publisher\" content=\"https:\/\/www.facebook.com\/people\/Shamusic\/100088670754130\/\" \/>\n<meta property=\"article:modified_time\" content=\"2025-07-10T13:12:45+00:00\" \/>\n<meta name=\"twitter:card\" content=\"summary_large_image\" \/>\n<meta name=\"twitter:label1\" content=\"Est. reading time\" \/>\n\t<meta name=\"twitter:data1\" content=\"2 minutes\" \/>\n<script type=\"application\/ld+json\" class=\"yoast-schema-graph\">{\"@context\":\"https:\\\/\\\/schema.org\",\"@graph\":[{\"@type\":\"WebPage\",\"@id\":\"https:\\\/\\\/shamusic.es\\\/en\\\/legal-notice\\\/\",\"url\":\"https:\\\/\\\/shamusic.es\\\/en\\\/legal-notice\\\/\",\"name\":\"Legal Notice - Registra tu m\u00fasica online con tecnolog\u00eda Blockchain con SHAMUSIC\",\"isPartOf\":{\"@id\":\"https:\\\/\\\/shamusic.es\\\/en\\\/#website\"},\"datePublished\":\"2024-01-15T19:59:53+00:00\",\"dateModified\":\"2025-07-10T13:12:45+00:00\",\"breadcrumb\":{\"@id\":\"https:\\\/\\\/shamusic.es\\\/en\\\/legal-notice\\\/#breadcrumb\"},\"inLanguage\":\"en-US\",\"potentialAction\":[{\"@type\":\"ReadAction\",\"target\":[\"https:\\\/\\\/shamusic.es\\\/en\\\/legal-notice\\\/\"]}]},{\"@type\":\"BreadcrumbList\",\"@id\":\"https:\\\/\\\/shamusic.es\\\/en\\\/legal-notice\\\/#breadcrumb\",\"itemListElement\":[{\"@type\":\"ListItem\",\"position\":1,\"name\":\"Portada\",\"item\":\"https:\\\/\\\/shamusic.es\\\/en\\\/register-your-music-online\\\/\"},{\"@type\":\"ListItem\",\"position\":2,\"name\":\"Legal Notice\"}]},{\"@type\":\"WebSite\",\"@id\":\"https:\\\/\\\/shamusic.es\\\/en\\\/#website\",\"url\":\"https:\\\/\\\/shamusic.es\\\/en\\\/\",\"name\":\"SHAMUSIC\",\"description\":\"Registro de m\u00fasica online. Tecnolog\u00eda Blockchain para el registro de m\u00fasica y letra musical. Protecci\u00f3n contra el plagio de tus canciones\",\"publisher\":{\"@id\":\"https:\\\/\\\/shamusic.es\\\/en\\\/#organization\"},\"potentialAction\":[{\"@type\":\"SearchAction\",\"target\":{\"@type\":\"EntryPoint\",\"urlTemplate\":\"https:\\\/\\\/shamusic.es\\\/en\\\/?s={search_term_string}\"},\"query-input\":{\"@type\":\"PropertyValueSpecification\",\"valueRequired\":true,\"valueName\":\"search_term_string\"}}],\"inLanguage\":\"en-US\"},{\"@type\":\"Organization\",\"@id\":\"https:\\\/\\\/shamusic.es\\\/en\\\/#organization\",\"name\":\"SHAMUSIC DISCOVERIES\",\"url\":\"https:\\\/\\\/shamusic.es\\\/en\\\/\",\"logo\":{\"@type\":\"ImageObject\",\"inLanguage\":\"en-US\",\"@id\":\"https:\\\/\\\/shamusic.es\\\/en\\\/#\\\/schema\\\/logo\\\/image\\\/\",\"url\":\"https:\\\/\\\/shamusic.es\\\/wp-content\\\/uploads\\\/2023\\\/11\\\/logo-sha-music-web.png\",\"contentUrl\":\"https:\\\/\\\/shamusic.es\\\/wp-content\\\/uploads\\\/2023\\\/11\\\/logo-sha-music-web.png\",\"width\":257,\"height\":62,\"caption\":\"SHAMUSIC DISCOVERIES\"},\"image\":{\"@id\":\"https:\\\/\\\/shamusic.es\\\/en\\\/#\\\/schema\\\/logo\\\/image\\\/\"},\"sameAs\":[\"https:\\\/\\\/www.facebook.com\\\/people\\\/Shamusic\\\/100088670754130\\\/\",\"https:\\\/\\\/www.instagram.com\\\/shamusica\\\/\",\"https:\\\/\\\/www.tiktok.com\\\/@shamusica_\"]}]}<\/script>\n<!-- \/ Yoast SEO plugin. -->","yoast_head_json":{"title":"Legal Notice - Registra tu m\u00fasica online con tecnolog\u00eda Blockchain con SHAMUSIC","robots":{"index":"noindex","follow":"nofollow"},"og_locale":"en_US","og_type":"article","og_title":"Legal Notice - Registra tu m\u00fasica online con tecnolog\u00eda Blockchain con SHAMUSIC","og_description":"[vc_row type=&#8221;in_container&#8221; full_screen_row_position=&#8221;middle&#8221; column_margin=&#8221;default&#8221; column_direction=&#8221;default&#8221; column_direction_tablet=&#8221;default&#8221; column_direction_phone=&#8221;default&#8221; scene_position=&#8221;center&#8221; text_color=&#8221;dark&#8221; text_align=&#8221;left&#8221; row_border_radius=&#8221;none&#8221; row_border_radius_applies=&#8221;bg&#8221; overflow=&#8221;visible&#8221; overlay_strength=&#8221;0.3&#8243; gradient_direction=&#8221;left_to_right&#8221; shape_divider_position=&#8221;bottom&#8221; bg_image_animation=&#8221;none&#8221;][vc_column column_padding=&#8221;no-extra-padding&#8221; column_padding_tablet=&#8221;inherit&#8221; column_padding_phone=&#8221;inherit&#8221; column_padding_position=&#8221;all&#8221; column_element_direction_desktop=&#8221;default&#8221; column_element_spacing=&#8221;default&#8221; desktop_text_alignment=&#8221;default&#8221; tablet_text_alignment=&#8221;default&#8221; phone_text_alignment=&#8221;default&#8221; background_color_opacity=&#8221;1&#8243; background_hover_color_opacity=&#8221;1&#8243; column_backdrop_filter=&#8221;none&#8221; column_shadow=&#8221;none&#8221;...","og_url":"https:\/\/shamusic.es\/en\/legal-notice\/","og_site_name":"Registra tu m\u00fasica online con tecnolog\u00eda Blockchain con SHAMUSIC","article_publisher":"https:\/\/www.facebook.com\/people\/Shamusic\/100088670754130\/","article_modified_time":"2025-07-10T13:12:45+00:00","twitter_card":"summary_large_image","twitter_misc":{"Est. reading time":"2 minutes"},"schema":{"@context":"https:\/\/schema.org","@graph":[{"@type":"WebPage","@id":"https:\/\/shamusic.es\/en\/legal-notice\/","url":"https:\/\/shamusic.es\/en\/legal-notice\/","name":"Legal Notice - Registra tu m\u00fasica online con tecnolog\u00eda Blockchain con SHAMUSIC","isPartOf":{"@id":"https:\/\/shamusic.es\/en\/#website"},"datePublished":"2024-01-15T19:59:53+00:00","dateModified":"2025-07-10T13:12:45+00:00","breadcrumb":{"@id":"https:\/\/shamusic.es\/en\/legal-notice\/#breadcrumb"},"inLanguage":"en-US","potentialAction":[{"@type":"ReadAction","target":["https:\/\/shamusic.es\/en\/legal-notice\/"]}]},{"@type":"BreadcrumbList","@id":"https:\/\/shamusic.es\/en\/legal-notice\/#breadcrumb","itemListElement":[{"@type":"ListItem","position":1,"name":"Portada","item":"https:\/\/shamusic.es\/en\/register-your-music-online\/"},{"@type":"ListItem","position":2,"name":"Legal Notice"}]},{"@type":"WebSite","@id":"https:\/\/shamusic.es\/en\/#website","url":"https:\/\/shamusic.es\/en\/","name":"SHAMUSIC","description":"Registro de m\u00fasica online. Tecnolog\u00eda Blockchain para el registro de m\u00fasica y letra musical. Protecci\u00f3n contra el plagio de tus canciones","publisher":{"@id":"https:\/\/shamusic.es\/en\/#organization"},"potentialAction":[{"@type":"SearchAction","target":{"@type":"EntryPoint","urlTemplate":"https:\/\/shamusic.es\/en\/?s={search_term_string}"},"query-input":{"@type":"PropertyValueSpecification","valueRequired":true,"valueName":"search_term_string"}}],"inLanguage":"en-US"},{"@type":"Organization","@id":"https:\/\/shamusic.es\/en\/#organization","name":"SHAMUSIC DISCOVERIES","url":"https:\/\/shamusic.es\/en\/","logo":{"@type":"ImageObject","inLanguage":"en-US","@id":"https:\/\/shamusic.es\/en\/#\/schema\/logo\/image\/","url":"https:\/\/shamusic.es\/wp-content\/uploads\/2023\/11\/logo-sha-music-web.png","contentUrl":"https:\/\/shamusic.es\/wp-content\/uploads\/2023\/11\/logo-sha-music-web.png","width":257,"height":62,"caption":"SHAMUSIC DISCOVERIES"},"image":{"@id":"https:\/\/shamusic.es\/en\/#\/schema\/logo\/image\/"},"sameAs":["https:\/\/www.facebook.com\/people\/Shamusic\/100088670754130\/","https:\/\/www.instagram.com\/shamusica\/","https:\/\/www.tiktok.com\/@shamusica_"]}]}},"_links":{"self":[{"href":"https:\/\/shamusic.es\/en\/wp-json\/wp\/v2\/pages\/6576","targetHints":{"allow":["GET"]}}],"collection":[{"href":"https:\/\/shamusic.es\/en\/wp-json\/wp\/v2\/pages"}],"about":[{"href":"https:\/\/shamusic.es\/en\/wp-json\/wp\/v2\/types\/page"}],"author":[{"embeddable":true,"href":"https:\/\/shamusic.es\/en\/wp-json\/wp\/v2\/users\/1"}],"replies":[{"embeddable":true,"href":"https:\/\/shamusic.es\/en\/wp-json\/wp\/v2\/comments?post=6576"}],"version-history":[{"count":1,"href":"https:\/\/shamusic.es\/en\/wp-json\/wp\/v2\/pages\/6576\/revisions"}],"predecessor-version":[{"id":6579,"href":"https:\/\/shamusic.es\/en\/wp-json\/wp\/v2\/pages\/6576\/revisions\/6579"}],"wp:attachment":[{"href":"https:\/\/shamusic.es\/en\/wp-json\/wp\/v2\/media?parent=6576"}],"curies":[{"name":"wp","href":"https:\/\/api.w.org\/{rel}","templated":true}]}}