{"id":6573,"date":"2024-01-15T20:56:11","date_gmt":"2024-01-15T19:56:11","guid":{"rendered":"https:\/\/shamusic.es\/privacy-policy\/"},"modified":"2025-07-10T15:12:45","modified_gmt":"2025-07-10T13:12:45","slug":"privacy-policy","status":"publish","type":"page","link":"https:\/\/shamusic.es\/en\/privacy-policy\/","title":{"rendered":"Privacy Policy"},"content":{"rendered":"[vc_row type=&#8221;in_container&#8221; full_screen_row_position=&#8221;middle&#8221; column_margin=&#8221;default&#8221; column_direction=&#8221;default&#8221; column_direction_tablet=&#8221;default&#8221; column_direction_phone=&#8221;default&#8221; scene_position=&#8221;center&#8221; text_color=&#8221;dark&#8221; text_align=&#8221;left&#8221; row_border_radius=&#8221;none&#8221; row_border_radius_applies=&#8221;bg&#8221; overflow=&#8221;visible&#8221; overlay_strength=&#8221;0.3&#8243; gradient_direction=&#8221;left_to_right&#8221; shape_divider_position=&#8221;bottom&#8221; bg_image_animation=&#8221;none&#8221;][vc_column column_padding=&#8221;no-extra-padding&#8221; column_padding_tablet=&#8221;inherit&#8221; column_padding_phone=&#8221;inherit&#8221; column_padding_position=&#8221;all&#8221; column_element_direction_desktop=&#8221;default&#8221; column_element_spacing=&#8221;default&#8221; desktop_text_alignment=&#8221;default&#8221; tablet_text_alignment=&#8221;default&#8221; phone_text_alignment=&#8221;default&#8221; background_color_opacity=&#8221;1&#8243; background_hover_color_opacity=&#8221;1&#8243; column_backdrop_filter=&#8221;none&#8221; column_shadow=&#8221;none&#8221; column_border_radius=&#8221;none&#8221; column_link_target=&#8221;_self&#8221; column_position=&#8221;default&#8221; gradient_direction=&#8221;left_to_right&#8221; overlay_strength=&#8221;0.3&#8243; width=&#8221;1\/1&#8243; tablet_width_inherit=&#8221;default&#8221; animation_type=&#8221;default&#8221; bg_image_animation=&#8221;none&#8221; border_type=&#8221;simple&#8221; column_border_width=&#8221;none&#8221; column_border_style=&#8221;solid&#8221;][vc_column_text]<strong>1. USER INFORMATION<\/strong><\/p>\n<p>SHAMUSIC DISCOVERIES, S.L. is the Responsible for the processing of the User&#8217;s personal data and informs you that these data will be processed in accordance with the provisions of Regulation (EU) 2016\/679 of 27 April 2016 (GDPR) on the protection of natural persons with regard to the processing of personal data and on the free movement of such data, for which you are provided with the following processing information:<br \/>\n<strong>Purpose of processing:<\/strong> to maintain a business relationship with the User. The operations foreseen to carry out the treatment are: <\/p>\n<ul>\n<li>Conduct statistical studies.<\/li>\n<li>Process orders, requests or any type of request that is made by the user through any of the forms of contact that are made available.<\/li>\n<li>To forward the newsletter of the web page.<\/li>\n<\/ul>\n<p><strong>Data retention criteria:<\/strong> data will be retained for as long as there is a mutual interest in maintaining the purpose of the processing and when it is no longer necessary for that purpose, it will be deleted with appropriate security measures to ensure the total destruction of the data.<\/p>\n<p><strong>Communication of data:<\/strong> Data will not be communicated to third parties, unless legally required.<\/p>\n<p><strong>Rights of the User:<\/strong><\/p>\n<ul>\n<li>Right to withdraw consent at any time.<\/li>\n<li>Right of access, rectification, portability and deletion of your data and the right to limit or oppose its processing.<\/li>\n<li>The right to file a complaint with the supervisory authority (agpd.es) if you consider that the processing does not comply with the regulations in force.<\/li>\n<\/ul>\n<p><strong>Contact information to exercise your rights:<\/strong><\/p>\n<p><strong>Owner: <\/strong>SHAMUSIC DISCOVERIES, S.L.<br \/>\n<strong>Address: <\/strong>Calle Almansa, 98 &#8211; 28040 Madrid<br \/>\n<strong>Contact:<\/strong> info@shamusic.es<\/p>\n<p><strong>2. OBLIGATORY OR OPTIONAL NATURE OF THE INFORMATION PROVIDED BY THE USER <\/strong><strong>USER<\/strong><\/p>\n<p>Users, by checking the appropriate boxes and entering data in the fields marked with an asterisk (*) in the contact form or presented in download forms, expressly and freely and unequivocally accept that their data are necessary to fulfill your request by the provider, being voluntary inclusion of data in the remaining fields. The User guarantees that the personal data provided to SHAMUSIC DISCOVERIES, S.L. are truthful and is responsible for communicating any changes to them. <\/p>\n<p>SHAMUSIC DISCOVERIES, S.L. expressly informs and assures users that their personal data will not be disclosed under any circumstances to third parties, and that whenever any transfer of personal data is made, the express, informed and unequivocal consent of the users will be requested in advance. All data requested through the website are mandatory, as they are necessary for the provision of an optimal service to the User. If all the data is not provided, there is no guarantee that the information and services provided will be completely tailored to your needs.  <\/p>\n<p><strong>3. SECURITY MEASURES<\/strong><\/p>\n<p>That in accordance with the provisions of the regulations in force on personal data protection, SHAMUSIC DISCOVERIES, S.L. is complying with all the provisions of the GDPR regulations for the processing of personal data under its responsibility, and manifestly with the principles described in Article 5 of the GDPR, by which they are processed lawfully, fairly and transparently in relation to the data subject and are adequate, relevant and limited to what is necessary in relation to the purposes for which they are processed.<\/p>\n<p>SHAMUSIC DISCOVERIES, S.L. guarantees that it has implemented appropriate technical and organizational policies to apply the security measures established by the GDPR in order to protect the rights and freedoms of Users and has provided them with the appropriate information so that they can exercise them.[\/vc_column_text][\/vc_column][\/vc_row]\n","protected":false},"excerpt":{"rendered":"<p>[vc_row type=&#8221;in_container&#8221; full_screen_row_position=&#8221;middle&#8221; column_margin=&#8221;default&#8221; column_direction=&#8221;default&#8221; column_direction_tablet=&#8221;default&#8221; column_direction_phone=&#8221;default&#8221; scene_position=&#8221;center&#8221; text_color=&#8221;dark&#8221; text_align=&#8221;left&#8221; row_border_radius=&#8221;none&#8221; row_border_radius_applies=&#8221;bg&#8221; overflow=&#8221;visible&#8221; overlay_strength=&#8221;0.3&#8243; gradient_direction=&#8221;left_to_right&#8221; shape_divider_position=&#8221;bottom&#8221; bg_image_animation=&#8221;none&#8221;][vc_column column_padding=&#8221;no-extra-padding&#8221; column_padding_tablet=&#8221;inherit&#8221; column_padding_phone=&#8221;inherit&#8221; column_padding_position=&#8221;all&#8221; column_element_direction_desktop=&#8221;default&#8221; column_element_spacing=&#8221;default&#8221; desktop_text_alignment=&#8221;default&#8221; tablet_text_alignment=&#8221;default&#8221; phone_text_alignment=&#8221;default&#8221; background_color_opacity=&#8221;1&#8243; background_hover_color_opacity=&#8221;1&#8243; column_backdrop_filter=&#8221;none&#8221; column_shadow=&#8221;none&#8221;&#8230;<\/p>\n","protected":false},"author":1,"featured_media":0,"parent":0,"menu_order":0,"comment_status":"closed","ping_status":"closed","template":"","meta":{"footnotes":""},"class_list":["post-6573","page","type-page","status-publish"],"yoast_head":"<!-- This site is optimized with the Yoast SEO plugin v27.3 - https:\/\/yoast.com\/product\/yoast-seo-wordpress\/ -->\n<title>Privacy Policy - Registra tu m\u00fasica online con tecnolog\u00eda Blockchain con SHAMUSIC<\/title>\n<meta name=\"robots\" content=\"noindex, nofollow\" \/>\n<meta property=\"og:locale\" content=\"en_US\" \/>\n<meta property=\"og:type\" content=\"article\" \/>\n<meta property=\"og:title\" content=\"Privacy Policy - Registra tu m\u00fasica online con tecnolog\u00eda Blockchain con SHAMUSIC\" \/>\n<meta property=\"og:description\" content=\"[vc_row type=&#8221;in_container&#8221; full_screen_row_position=&#8221;middle&#8221; column_margin=&#8221;default&#8221; column_direction=&#8221;default&#8221; column_direction_tablet=&#8221;default&#8221; column_direction_phone=&#8221;default&#8221; scene_position=&#8221;center&#8221; text_color=&#8221;dark&#8221; text_align=&#8221;left&#8221; row_border_radius=&#8221;none&#8221; row_border_radius_applies=&#8221;bg&#8221; overflow=&#8221;visible&#8221; overlay_strength=&#8221;0.3&#8243; gradient_direction=&#8221;left_to_right&#8221; shape_divider_position=&#8221;bottom&#8221; bg_image_animation=&#8221;none&#8221;][vc_column column_padding=&#8221;no-extra-padding&#8221; column_padding_tablet=&#8221;inherit&#8221; column_padding_phone=&#8221;inherit&#8221; column_padding_position=&#8221;all&#8221; column_element_direction_desktop=&#8221;default&#8221; column_element_spacing=&#8221;default&#8221; desktop_text_alignment=&#8221;default&#8221; tablet_text_alignment=&#8221;default&#8221; phone_text_alignment=&#8221;default&#8221; background_color_opacity=&#8221;1&#8243; background_hover_color_opacity=&#8221;1&#8243; column_backdrop_filter=&#8221;none&#8221; column_shadow=&#8221;none&#8221;...\" \/>\n<meta property=\"og:url\" content=\"https:\/\/shamusic.es\/en\/privacy-policy\/\" \/>\n<meta property=\"og:site_name\" content=\"Registra tu m\u00fasica online con tecnolog\u00eda Blockchain con SHAMUSIC\" \/>\n<meta property=\"article:publisher\" content=\"https:\/\/www.facebook.com\/people\/Shamusic\/100088670754130\/\" \/>\n<meta property=\"article:modified_time\" content=\"2025-07-10T13:12:45+00:00\" \/>\n<meta name=\"twitter:card\" content=\"summary_large_image\" \/>\n<meta name=\"twitter:label1\" content=\"Est. reading time\" \/>\n\t<meta name=\"twitter:data1\" content=\"4 minutes\" \/>\n<script type=\"application\/ld+json\" class=\"yoast-schema-graph\">{\"@context\":\"https:\\\/\\\/schema.org\",\"@graph\":[{\"@type\":\"WebPage\",\"@id\":\"https:\\\/\\\/shamusic.es\\\/en\\\/privacy-policy\\\/\",\"url\":\"https:\\\/\\\/shamusic.es\\\/en\\\/privacy-policy\\\/\",\"name\":\"Privacy Policy - Registra tu m\u00fasica online con tecnolog\u00eda Blockchain con SHAMUSIC\",\"isPartOf\":{\"@id\":\"https:\\\/\\\/shamusic.es\\\/en\\\/#website\"},\"datePublished\":\"2024-01-15T19:56:11+00:00\",\"dateModified\":\"2025-07-10T13:12:45+00:00\",\"breadcrumb\":{\"@id\":\"https:\\\/\\\/shamusic.es\\\/en\\\/privacy-policy\\\/#breadcrumb\"},\"inLanguage\":\"en-US\",\"potentialAction\":[{\"@type\":\"ReadAction\",\"target\":[\"https:\\\/\\\/shamusic.es\\\/en\\\/privacy-policy\\\/\"]}]},{\"@type\":\"BreadcrumbList\",\"@id\":\"https:\\\/\\\/shamusic.es\\\/en\\\/privacy-policy\\\/#breadcrumb\",\"itemListElement\":[{\"@type\":\"ListItem\",\"position\":1,\"name\":\"Portada\",\"item\":\"https:\\\/\\\/shamusic.es\\\/en\\\/register-your-music-online\\\/\"},{\"@type\":\"ListItem\",\"position\":2,\"name\":\"Privacy Policy\"}]},{\"@type\":\"WebSite\",\"@id\":\"https:\\\/\\\/shamusic.es\\\/en\\\/#website\",\"url\":\"https:\\\/\\\/shamusic.es\\\/en\\\/\",\"name\":\"SHAMUSIC\",\"description\":\"Registro de m\u00fasica online. Tecnolog\u00eda Blockchain para el registro de m\u00fasica y letra musical. Protecci\u00f3n contra el plagio de tus canciones\",\"publisher\":{\"@id\":\"https:\\\/\\\/shamusic.es\\\/en\\\/#organization\"},\"potentialAction\":[{\"@type\":\"SearchAction\",\"target\":{\"@type\":\"EntryPoint\",\"urlTemplate\":\"https:\\\/\\\/shamusic.es\\\/en\\\/?s={search_term_string}\"},\"query-input\":{\"@type\":\"PropertyValueSpecification\",\"valueRequired\":true,\"valueName\":\"search_term_string\"}}],\"inLanguage\":\"en-US\"},{\"@type\":\"Organization\",\"@id\":\"https:\\\/\\\/shamusic.es\\\/en\\\/#organization\",\"name\":\"SHAMUSIC DISCOVERIES\",\"url\":\"https:\\\/\\\/shamusic.es\\\/en\\\/\",\"logo\":{\"@type\":\"ImageObject\",\"inLanguage\":\"en-US\",\"@id\":\"https:\\\/\\\/shamusic.es\\\/en\\\/#\\\/schema\\\/logo\\\/image\\\/\",\"url\":\"https:\\\/\\\/shamusic.es\\\/wp-content\\\/uploads\\\/2023\\\/11\\\/logo-sha-music-web.png\",\"contentUrl\":\"https:\\\/\\\/shamusic.es\\\/wp-content\\\/uploads\\\/2023\\\/11\\\/logo-sha-music-web.png\",\"width\":257,\"height\":62,\"caption\":\"SHAMUSIC DISCOVERIES\"},\"image\":{\"@id\":\"https:\\\/\\\/shamusic.es\\\/en\\\/#\\\/schema\\\/logo\\\/image\\\/\"},\"sameAs\":[\"https:\\\/\\\/www.facebook.com\\\/people\\\/Shamusic\\\/100088670754130\\\/\",\"https:\\\/\\\/www.instagram.com\\\/shamusica\\\/\",\"https:\\\/\\\/www.tiktok.com\\\/@shamusica_\"]}]}<\/script>\n<!-- \/ Yoast SEO plugin. -->","yoast_head_json":{"title":"Privacy Policy - Registra tu m\u00fasica online con tecnolog\u00eda Blockchain con SHAMUSIC","robots":{"index":"noindex","follow":"nofollow"},"og_locale":"en_US","og_type":"article","og_title":"Privacy Policy - Registra tu m\u00fasica online con tecnolog\u00eda Blockchain con SHAMUSIC","og_description":"[vc_row type=&#8221;in_container&#8221; full_screen_row_position=&#8221;middle&#8221; column_margin=&#8221;default&#8221; column_direction=&#8221;default&#8221; column_direction_tablet=&#8221;default&#8221; column_direction_phone=&#8221;default&#8221; scene_position=&#8221;center&#8221; text_color=&#8221;dark&#8221; text_align=&#8221;left&#8221; row_border_radius=&#8221;none&#8221; row_border_radius_applies=&#8221;bg&#8221; overflow=&#8221;visible&#8221; overlay_strength=&#8221;0.3&#8243; gradient_direction=&#8221;left_to_right&#8221; shape_divider_position=&#8221;bottom&#8221; bg_image_animation=&#8221;none&#8221;][vc_column column_padding=&#8221;no-extra-padding&#8221; column_padding_tablet=&#8221;inherit&#8221; column_padding_phone=&#8221;inherit&#8221; column_padding_position=&#8221;all&#8221; column_element_direction_desktop=&#8221;default&#8221; column_element_spacing=&#8221;default&#8221; desktop_text_alignment=&#8221;default&#8221; tablet_text_alignment=&#8221;default&#8221; phone_text_alignment=&#8221;default&#8221; background_color_opacity=&#8221;1&#8243; background_hover_color_opacity=&#8221;1&#8243; column_backdrop_filter=&#8221;none&#8221; column_shadow=&#8221;none&#8221;...","og_url":"https:\/\/shamusic.es\/en\/privacy-policy\/","og_site_name":"Registra tu m\u00fasica online con tecnolog\u00eda Blockchain con SHAMUSIC","article_publisher":"https:\/\/www.facebook.com\/people\/Shamusic\/100088670754130\/","article_modified_time":"2025-07-10T13:12:45+00:00","twitter_card":"summary_large_image","twitter_misc":{"Est. reading time":"4 minutes"},"schema":{"@context":"https:\/\/schema.org","@graph":[{"@type":"WebPage","@id":"https:\/\/shamusic.es\/en\/privacy-policy\/","url":"https:\/\/shamusic.es\/en\/privacy-policy\/","name":"Privacy Policy - Registra tu m\u00fasica online con tecnolog\u00eda Blockchain con SHAMUSIC","isPartOf":{"@id":"https:\/\/shamusic.es\/en\/#website"},"datePublished":"2024-01-15T19:56:11+00:00","dateModified":"2025-07-10T13:12:45+00:00","breadcrumb":{"@id":"https:\/\/shamusic.es\/en\/privacy-policy\/#breadcrumb"},"inLanguage":"en-US","potentialAction":[{"@type":"ReadAction","target":["https:\/\/shamusic.es\/en\/privacy-policy\/"]}]},{"@type":"BreadcrumbList","@id":"https:\/\/shamusic.es\/en\/privacy-policy\/#breadcrumb","itemListElement":[{"@type":"ListItem","position":1,"name":"Portada","item":"https:\/\/shamusic.es\/en\/register-your-music-online\/"},{"@type":"ListItem","position":2,"name":"Privacy Policy"}]},{"@type":"WebSite","@id":"https:\/\/shamusic.es\/en\/#website","url":"https:\/\/shamusic.es\/en\/","name":"SHAMUSIC","description":"Registro de m\u00fasica online. Tecnolog\u00eda Blockchain para el registro de m\u00fasica y letra musical. Protecci\u00f3n contra el plagio de tus canciones","publisher":{"@id":"https:\/\/shamusic.es\/en\/#organization"},"potentialAction":[{"@type":"SearchAction","target":{"@type":"EntryPoint","urlTemplate":"https:\/\/shamusic.es\/en\/?s={search_term_string}"},"query-input":{"@type":"PropertyValueSpecification","valueRequired":true,"valueName":"search_term_string"}}],"inLanguage":"en-US"},{"@type":"Organization","@id":"https:\/\/shamusic.es\/en\/#organization","name":"SHAMUSIC DISCOVERIES","url":"https:\/\/shamusic.es\/en\/","logo":{"@type":"ImageObject","inLanguage":"en-US","@id":"https:\/\/shamusic.es\/en\/#\/schema\/logo\/image\/","url":"https:\/\/shamusic.es\/wp-content\/uploads\/2023\/11\/logo-sha-music-web.png","contentUrl":"https:\/\/shamusic.es\/wp-content\/uploads\/2023\/11\/logo-sha-music-web.png","width":257,"height":62,"caption":"SHAMUSIC DISCOVERIES"},"image":{"@id":"https:\/\/shamusic.es\/en\/#\/schema\/logo\/image\/"},"sameAs":["https:\/\/www.facebook.com\/people\/Shamusic\/100088670754130\/","https:\/\/www.instagram.com\/shamusica\/","https:\/\/www.tiktok.com\/@shamusica_"]}]}},"_links":{"self":[{"href":"https:\/\/shamusic.es\/en\/wp-json\/wp\/v2\/pages\/6573","targetHints":{"allow":["GET"]}}],"collection":[{"href":"https:\/\/shamusic.es\/en\/wp-json\/wp\/v2\/pages"}],"about":[{"href":"https:\/\/shamusic.es\/en\/wp-json\/wp\/v2\/types\/page"}],"author":[{"embeddable":true,"href":"https:\/\/shamusic.es\/en\/wp-json\/wp\/v2\/users\/1"}],"replies":[{"embeddable":true,"href":"https:\/\/shamusic.es\/en\/wp-json\/wp\/v2\/comments?post=6573"}],"version-history":[{"count":10,"href":"https:\/\/shamusic.es\/en\/wp-json\/wp\/v2\/pages\/6573\/revisions"}],"predecessor-version":[{"id":6590,"href":"https:\/\/shamusic.es\/en\/wp-json\/wp\/v2\/pages\/6573\/revisions\/6590"}],"wp:attachment":[{"href":"https:\/\/shamusic.es\/en\/wp-json\/wp\/v2\/media?parent=6573"}],"curies":[{"name":"wp","href":"https:\/\/api.w.org\/{rel}","templated":true}]}}